{"id":23383,"date":"2023-07-17T10:21:20","date_gmt":"2023-07-17T08:21:20","guid":{"rendered":"https:\/\/www.motorradzentrum-freiburg.de\/gebrauchtmotorraeder\/?page_id=23383"},"modified":"2023-09-05T13:44:00","modified_gmt":"2023-09-05T11:44:00","slug":"moz-freiburg","status":"publish","type":"page","link":"https:\/\/motorradzentrum-freiburg.de\/gebrauchtmotorraeder\/","title":{"rendered":"MOZ Freiburg"},"content":{"rendered":"","protected":false},"excerpt":{"rendered":"","protected":false},"author":78,"featured_media":0,"parent":0,"menu_order":0,"comment_status":"closed","ping_status":"closed","template":"","meta":{"footnotes":""},"class_list":["post-23383","page","type-page","status-publish","hentry"],"yoast_head":"<!-- This site is optimized with the Yoast SEO plugin v24.7 - https:\/\/yoast.com\/wordpress\/plugins\/seo\/ -->\n<title>MOZ Freiburg - Motorradzentrum Freiburg - Gebrauchtmotorr\u00e4der<\/title>\n<meta name=\"description\" content=\"Grosse Auswahl gebrauchter Motorr\u00e4der im Motorradzentrum Freiburg. Viele Marken. Vom Meister gepr\u00fcft und mit Sicherheit hochwertig.\" \/>\n<meta name=\"robots\" content=\"index, follow, max-snippet:-1, max-image-preview:large, max-video-preview:-1\" \/>\n<link rel=\"canonical\" href=\"https:\/\/motorradzentrum-freiburg.de\/gebrauchtmotorraeder\/\" \/>\n<meta property=\"og:locale\" content=\"de_DE\" \/>\n<meta property=\"og:type\" content=\"article\" \/>\n<meta property=\"og:title\" content=\"MOZ Freiburg - Motorradzentrum Freiburg - Gebrauchtmotorr\u00e4der\" \/>\n<meta property=\"og:description\" content=\"Grosse Auswahl gebrauchter Motorr\u00e4der im Motorradzentrum Freiburg. Viele Marken. Vom Meister gepr\u00fcft und mit Sicherheit hochwertig.\" \/>\n<meta property=\"og:url\" content=\"https:\/\/motorradzentrum-freiburg.de\/gebrauchtmotorraeder\/\" \/>\n<meta property=\"og:site_name\" content=\"Motorradzentrum Freiburg - Gebrauchtmotorr\u00e4der\" \/>\n<meta property=\"article:publisher\" content=\"https:\/\/www.facebook.com\/MOZ-Motorradzentrum-Freiburg-272825556074618\/\" \/>\n<meta property=\"article:modified_time\" content=\"2023-09-05T11:44:00+00:00\" \/>\n<meta name=\"twitter:card\" content=\"summary_large_image\" \/>\n<script type=\"application\/ld+json\" class=\"yoast-schema-graph\">{\"@context\":\"https:\/\/schema.org\",\"@graph\":[{\"@type\":\"WebPage\",\"@id\":\"https:\/\/motorradzentrum-freiburg.de\/gebrauchtmotorraeder\/\",\"url\":\"https:\/\/motorradzentrum-freiburg.de\/gebrauchtmotorraeder\/\",\"name\":\"MOZ Freiburg - Motorradzentrum Freiburg - Gebrauchtmotorr\u00e4der\",\"isPartOf\":{\"@id\":\"https:\/\/motorradzentrum-freiburg.de\/gebrauchtmotorraeder\/#website\"},\"datePublished\":\"2023-07-17T08:21:20+00:00\",\"dateModified\":\"2023-09-05T11:44:00+00:00\",\"description\":\"Grosse Auswahl gebrauchter Motorr\u00e4der im Motorradzentrum Freiburg. Viele Marken. Vom Meister gepr\u00fcft und mit Sicherheit hochwertig.\",\"breadcrumb\":{\"@id\":\"https:\/\/motorradzentrum-freiburg.de\/gebrauchtmotorraeder\/#breadcrumb\"},\"inLanguage\":\"de\",\"potentialAction\":[{\"@type\":\"ReadAction\",\"target\":[\"https:\/\/motorradzentrum-freiburg.de\/gebrauchtmotorraeder\/\"]}]},{\"@type\":\"BreadcrumbList\",\"@id\":\"https:\/\/motorradzentrum-freiburg.de\/gebrauchtmotorraeder\/#breadcrumb\",\"itemListElement\":[{\"@type\":\"ListItem\",\"position\":1,\"name\":\"Startseite\",\"item\":\"https:\/\/motorradzentrum-freiburg.de\/gebrauchtmotorraeder\/\"},{\"@type\":\"ListItem\",\"position\":2,\"name\":\"MOZ Freiburg\"}]},{\"@type\":\"WebSite\",\"@id\":\"https:\/\/motorradzentrum-freiburg.de\/gebrauchtmotorraeder\/#website\",\"url\":\"https:\/\/motorradzentrum-freiburg.de\/gebrauchtmotorraeder\/\",\"name\":\"Motorradzentrum Freiburg - Gebrauchtmotorr\u00e4der\",\"description\":\"100% Motorrad\",\"publisher\":{\"@id\":\"https:\/\/motorradzentrum-freiburg.de\/gebrauchtmotorraeder\/#organization\"},\"potentialAction\":[{\"@type\":\"SearchAction\",\"target\":{\"@type\":\"EntryPoint\",\"urlTemplate\":\"https:\/\/motorradzentrum-freiburg.de\/gebrauchtmotorraeder\/?s={search_term_string}\"},\"query-input\":{\"@type\":\"PropertyValueSpecification\",\"valueRequired\":true,\"valueName\":\"search_term_string\"}}],\"inLanguage\":\"de\"},{\"@type\":\"Organization\",\"@id\":\"https:\/\/motorradzentrum-freiburg.de\/gebrauchtmotorraeder\/#organization\",\"name\":\"Motorradzentrum Freiburg - Gebrauchtmotorr\u00e4der\",\"url\":\"https:\/\/motorradzentrum-freiburg.de\/gebrauchtmotorraeder\/\",\"logo\":{\"@type\":\"ImageObject\",\"inLanguage\":\"de\",\"@id\":\"https:\/\/motorradzentrum-freiburg.de\/gebrauchtmotorraeder\/#\/schema\/logo\/image\/\",\"url\":\"https:\/\/motorradzentrum-fr.de\/gebrauchtmotorraeder\/wp-content\/uploads\/2023\/07\/Schwarz_Pixel_10cm_300dpi.png\",\"contentUrl\":\"https:\/\/motorradzentrum-fr.de\/gebrauchtmotorraeder\/wp-content\/uploads\/2023\/07\/Schwarz_Pixel_10cm_300dpi.png\",\"width\":1181,\"height\":550,\"caption\":\"Motorradzentrum Freiburg - Gebrauchtmotorr\u00e4der\"},\"image\":{\"@id\":\"https:\/\/motorradzentrum-freiburg.de\/gebrauchtmotorraeder\/#\/schema\/logo\/image\/\"},\"sameAs\":[\"https:\/\/www.facebook.com\/MOZ-Motorradzentrum-Freiburg-272825556074618\/\",\"https:\/\/www.instagram.com\/mozfreiburg\/\"]}]}<\/script>\n<!-- \/ Yoast SEO plugin. -->","yoast_head_json":{"title":"MOZ Freiburg - Motorradzentrum Freiburg - Gebrauchtmotorr\u00e4der","description":"Grosse Auswahl gebrauchter Motorr\u00e4der im Motorradzentrum Freiburg. Viele Marken. Vom Meister gepr\u00fcft und mit Sicherheit hochwertig.","robots":{"index":"index","follow":"follow","max-snippet":"max-snippet:-1","max-image-preview":"max-image-preview:large","max-video-preview":"max-video-preview:-1"},"canonical":"https:\/\/motorradzentrum-freiburg.de\/gebrauchtmotorraeder\/","og_locale":"de_DE","og_type":"article","og_title":"MOZ Freiburg - Motorradzentrum Freiburg - Gebrauchtmotorr\u00e4der","og_description":"Grosse Auswahl gebrauchter Motorr\u00e4der im Motorradzentrum Freiburg. Viele Marken. Vom Meister gepr\u00fcft und mit Sicherheit hochwertig.","og_url":"https:\/\/motorradzentrum-freiburg.de\/gebrauchtmotorraeder\/","og_site_name":"Motorradzentrum Freiburg - Gebrauchtmotorr\u00e4der","article_publisher":"https:\/\/www.facebook.com\/MOZ-Motorradzentrum-Freiburg-272825556074618\/","article_modified_time":"2023-09-05T11:44:00+00:00","twitter_card":"summary_large_image","schema":{"@context":"https:\/\/schema.org","@graph":[{"@type":"WebPage","@id":"https:\/\/motorradzentrum-freiburg.de\/gebrauchtmotorraeder\/","url":"https:\/\/motorradzentrum-freiburg.de\/gebrauchtmotorraeder\/","name":"MOZ Freiburg - Motorradzentrum Freiburg - Gebrauchtmotorr\u00e4der","isPartOf":{"@id":"https:\/\/motorradzentrum-freiburg.de\/gebrauchtmotorraeder\/#website"},"datePublished":"2023-07-17T08:21:20+00:00","dateModified":"2023-09-05T11:44:00+00:00","description":"Grosse Auswahl gebrauchter Motorr\u00e4der im Motorradzentrum Freiburg. Viele Marken. Vom Meister gepr\u00fcft und mit Sicherheit hochwertig.","breadcrumb":{"@id":"https:\/\/motorradzentrum-freiburg.de\/gebrauchtmotorraeder\/#breadcrumb"},"inLanguage":"de","potentialAction":[{"@type":"ReadAction","target":["https:\/\/motorradzentrum-freiburg.de\/gebrauchtmotorraeder\/"]}]},{"@type":"BreadcrumbList","@id":"https:\/\/motorradzentrum-freiburg.de\/gebrauchtmotorraeder\/#breadcrumb","itemListElement":[{"@type":"ListItem","position":1,"name":"Startseite","item":"https:\/\/motorradzentrum-freiburg.de\/gebrauchtmotorraeder\/"},{"@type":"ListItem","position":2,"name":"MOZ Freiburg"}]},{"@type":"WebSite","@id":"https:\/\/motorradzentrum-freiburg.de\/gebrauchtmotorraeder\/#website","url":"https:\/\/motorradzentrum-freiburg.de\/gebrauchtmotorraeder\/","name":"Motorradzentrum Freiburg - Gebrauchtmotorr\u00e4der","description":"100% Motorrad","publisher":{"@id":"https:\/\/motorradzentrum-freiburg.de\/gebrauchtmotorraeder\/#organization"},"potentialAction":[{"@type":"SearchAction","target":{"@type":"EntryPoint","urlTemplate":"https:\/\/motorradzentrum-freiburg.de\/gebrauchtmotorraeder\/?s={search_term_string}"},"query-input":{"@type":"PropertyValueSpecification","valueRequired":true,"valueName":"search_term_string"}}],"inLanguage":"de"},{"@type":"Organization","@id":"https:\/\/motorradzentrum-freiburg.de\/gebrauchtmotorraeder\/#organization","name":"Motorradzentrum Freiburg - Gebrauchtmotorr\u00e4der","url":"https:\/\/motorradzentrum-freiburg.de\/gebrauchtmotorraeder\/","logo":{"@type":"ImageObject","inLanguage":"de","@id":"https:\/\/motorradzentrum-freiburg.de\/gebrauchtmotorraeder\/#\/schema\/logo\/image\/","url":"https:\/\/motorradzentrum-fr.de\/gebrauchtmotorraeder\/wp-content\/uploads\/2023\/07\/Schwarz_Pixel_10cm_300dpi.png","contentUrl":"https:\/\/motorradzentrum-fr.de\/gebrauchtmotorraeder\/wp-content\/uploads\/2023\/07\/Schwarz_Pixel_10cm_300dpi.png","width":1181,"height":550,"caption":"Motorradzentrum Freiburg - Gebrauchtmotorr\u00e4der"},"image":{"@id":"https:\/\/motorradzentrum-freiburg.de\/gebrauchtmotorraeder\/#\/schema\/logo\/image\/"},"sameAs":["https:\/\/www.facebook.com\/MOZ-Motorradzentrum-Freiburg-272825556074618\/","https:\/\/www.instagram.com\/mozfreiburg\/"]}]}},"_links":{"self":[{"href":"https:\/\/motorradzentrum-freiburg.de\/gebrauchtmotorraeder\/wp-json\/wp\/v2\/pages\/23383","targetHints":{"allow":["GET"]}}],"collection":[{"href":"https:\/\/motorradzentrum-freiburg.de\/gebrauchtmotorraeder\/wp-json\/wp\/v2\/pages"}],"about":[{"href":"https:\/\/motorradzentrum-freiburg.de\/gebrauchtmotorraeder\/wp-json\/wp\/v2\/types\/page"}],"author":[{"embeddable":true,"href":"https:\/\/motorradzentrum-freiburg.de\/gebrauchtmotorraeder\/wp-json\/wp\/v2\/users\/78"}],"replies":[{"embeddable":true,"href":"https:\/\/motorradzentrum-freiburg.de\/gebrauchtmotorraeder\/wp-json\/wp\/v2\/comments?post=23383"}],"version-history":[{"count":1,"href":"https:\/\/motorradzentrum-freiburg.de\/gebrauchtmotorraeder\/wp-json\/wp\/v2\/pages\/23383\/revisions"}],"predecessor-version":[{"id":23384,"href":"https:\/\/motorradzentrum-freiburg.de\/gebrauchtmotorraeder\/wp-json\/wp\/v2\/pages\/23383\/revisions\/23384"}],"wp:attachment":[{"href":"https:\/\/motorradzentrum-freiburg.de\/gebrauchtmotorraeder\/wp-json\/wp\/v2\/media?parent=23383"}],"curies":[{"name":"wp","href":"https:\/\/api.w.org\/{rel}","templated":true}]}}